{"id":374,"date":"2012-09-25T14:02:30","date_gmt":"2012-09-25T14:02:30","guid":{"rendered":"http:\/\/incafust.org\/bloc\/?page_id=374"},"modified":"2016-03-31T08:54:37","modified_gmt":"2016-03-31T08:54:37","slug":"contacte","status":"publish","type":"page","link":"https:\/\/www.incafust.cat\/?page_id=374","title":{"rendered":"Contacte"},"content":{"rendered":"<p><span style=\"color: #aa6605;\"><strong>Ens pots trobar a:<\/strong><\/span><\/p>\n<p><strong>Oficina central<\/strong><br \/>\nCtra. Sant Lloren\u00e7, km 2 \u00b7 25280 Solsona<br \/>\nTel. +34 973 48 42 32<\/p>\n<p>42\u00ba 0\u2032 40.744\u2033 N \/ 1\u00ba 31\u2032 8.904\u2033 E<\/p>\n<p><strong>Laboratori\u00a0<\/strong><br \/>\nParc Cient\u00edfic i Tecnol\u00f2gic de Gardeny. Edifici H2 \u00b7 25003 Lleida<br \/>\nTel. +34 973 27 21 81 \u00b7 Fax +34 973 27 21 82<\/p>\n<p>41\u00ba 36\u2032 19.37\u2033 N \/ 0\u00ba 36\u2032 26.86\u2033 E<\/p>\n<p>&nbsp;<\/p>\n<p><strong><span style=\"color: #aa6605;\">Tamb\u00e9 ens pots contactar mitjan\u00e7ant el seg\u00fcent formulari, o enviant un correu electr\u00f2nic a:<\/span><\/strong> <a href=\"mailto:info@incafust.cat\">info@incafust.cat<\/a><\/p>\n\n<div class=\"wpcf7 no-js\" id=\"wpcf7-f1040-o1\" lang=\"ca\" dir=\"ltr\">\n<div class=\"screen-reader-response\"><p role=\"status\" aria-live=\"polite\" aria-atomic=\"true\"><\/p> <ul><\/ul><\/div>\n<form action=\"\/index.php?rest_route=%2Fwp%2Fv2%2Fpages%2F374#wpcf7-f1040-o1\" method=\"post\" class=\"wpcf7-form init\" aria-label=\"Formulari de contacte\" novalidate=\"novalidate\" data-status=\"init\">\n<div style=\"display: none;\">\n<input type=\"hidden\" name=\"_wpcf7\" value=\"1040\" \/>\n<input type=\"hidden\" name=\"_wpcf7_version\" value=\"5.7.5.1\" \/>\n<input type=\"hidden\" name=\"_wpcf7_locale\" value=\"ca\" \/>\n<input type=\"hidden\" name=\"_wpcf7_unit_tag\" value=\"wpcf7-f1040-o1\" \/>\n<input type=\"hidden\" name=\"_wpcf7_container_post\" value=\"0\" \/>\n<input type=\"hidden\" name=\"_wpcf7_posted_data_hash\" value=\"\" \/>\n<\/div>\n<p>El teu nom (obligatori)\n<\/p>\n<p><span class=\"wpcf7-form-control-wrap\" data-name=\"your-name\"><input size=\"40\" class=\"wpcf7-form-control wpcf7-text wpcf7-validates-as-required\" aria-required=\"true\" aria-invalid=\"false\" value=\"\" type=\"text\" name=\"your-name\" \/><\/span>\n<\/p>\n<p>El teu email (obligatori)\n<\/p>\n<p><span class=\"wpcf7-form-control-wrap\" data-name=\"your-email\"><input size=\"40\" class=\"wpcf7-form-control wpcf7-text wpcf7-email wpcf7-validates-as-required wpcf7-validates-as-email\" aria-required=\"true\" aria-invalid=\"false\" value=\"\" type=\"email\" name=\"your-email\" \/><\/span>\n<\/p>\n<p>Assumpte\n<\/p>\n<p><span class=\"wpcf7-form-control-wrap\" data-name=\"your-subject\"><input size=\"40\" class=\"wpcf7-form-control wpcf7-text\" aria-invalid=\"false\" value=\"\" type=\"text\" name=\"your-subject\" \/><\/span>\n<\/p>\n<p>El teu missatge\n<\/p>\n<p><span class=\"wpcf7-form-control-wrap\" data-name=\"your-message\"><textarea cols=\"40\" rows=\"10\" class=\"wpcf7-form-control wpcf7-textarea\" aria-invalid=\"false\" name=\"your-message\"><\/textarea><\/span>\n<\/p>\n<p><input class=\"wpcf7-form-control has-spinner wpcf7-submit\" type=\"submit\" value=\"Enviar\" \/>\n<\/p><div class=\"wpcf7-response-output\" aria-hidden=\"true\"><\/div>\n<\/form>\n<\/div>\n\n<p>&nbsp;<\/p>\n<p><iframe loading=\"lazy\" src=\"http:\/\/maps.google.es\/maps?f=q&amp;source=s_q&amp;hl=es&amp;geocode=&amp;q=INCAFUST+-+Institut+Catal%C3%A0+de+la+Fusta&amp;aq=&amp;sll=41.692248,1.745868&amp;sspn=3.679089,5.718384&amp;ie=UTF8&amp;hq=INCAFUST+-+Institut+Catal%C3%A0+de+la+Fusta&amp;hnear=&amp;t=m&amp;ll=41.689322,1.746826&amp;spn=3.937843,7.03125&amp;z=7&amp;output=embed\" width=\"640\" height=\"480\" frameborder=\"0\" marginwidth=\"0\" marginheight=\"0\" scrolling=\"no\"><\/iframe><br \/>\n<small><a style=\"color: #0000ff; text-align: left;\" href=\"http:\/\/maps.google.es\/maps?f=q&amp;source=embed&amp;hl=es&amp;geocode=&amp;q=INCAFUST+-+Institut+Catal%C3%A0+de+la+Fusta&amp;aq=&amp;sll=41.692248,1.745868&amp;sspn=3.679089,5.718384&amp;ie=UTF8&amp;hq=INCAFUST+-+Institut+Catal%C3%A0+de+la+Fusta&amp;hnear=&amp;t=m&amp;ll=41.689322,1.746826&amp;spn=3.937843,7.03125&amp;z=7\">Ver mapa m\u00e1s grande<\/a><\/small><\/p>\n","protected":false},"excerpt":{"rendered":"<p>Ens pots trobar a: Oficina central Ctra. Sant Lloren\u00e7, km 2 \u00b7 25280 Solsona Tel. +34 973 48 42 32<\/p>\n","protected":false},"author":1,"featured_media":0,"parent":0,"menu_order":2,"comment_status":"closed","ping_status":"closed","template":"","meta":[],"_links":{"self":[{"href":"https:\/\/www.incafust.cat\/index.php?rest_route=\/wp\/v2\/pages\/374"}],"collection":[{"href":"https:\/\/www.incafust.cat\/index.php?rest_route=\/wp\/v2\/pages"}],"about":[{"href":"https:\/\/www.incafust.cat\/index.php?rest_route=\/wp\/v2\/types\/page"}],"author":[{"embeddable":true,"href":"https:\/\/www.incafust.cat\/index.php?rest_route=\/wp\/v2\/users\/1"}],"replies":[{"embeddable":true,"href":"https:\/\/www.incafust.cat\/index.php?rest_route=%2Fwp%2Fv2%2Fcomments&post=374"}],"version-history":[{"count":10,"href":"https:\/\/www.incafust.cat\/index.php?rest_route=\/wp\/v2\/pages\/374\/revisions"}],"predecessor-version":[{"id":1048,"href":"https:\/\/www.incafust.cat\/index.php?rest_route=\/wp\/v2\/pages\/374\/revisions\/1048"}],"wp:attachment":[{"href":"https:\/\/www.incafust.cat\/index.php?rest_route=%2Fwp%2Fv2%2Fmedia&parent=374"}],"curies":[{"name":"wp","href":"https:\/\/api.w.org\/{rel}","templated":true}]}}