{"id":383,"date":"2012-10-03T21:04:00","date_gmt":"2012-10-03T21:04:00","guid":{"rendered":"http:\/\/incafust.org\/bloc\/?page_id=383"},"modified":"2023-02-15T09:59:34","modified_gmt":"2023-02-15T09:59:34","slug":"institut","status":"publish","type":"page","link":"https:\/\/www.incafust.cat\/","title":{"rendered":"Inici"},"content":{"rendered":"\n<p>L\u2019Institut Catal\u00e0 de la Fusta (INCAFUST) t\u00e9 la <strong>finalitat<\/strong> de promoure el desenvolupament i el reconeixement de la fusta com a material i contribuir a la millora de la competitivitat, foment de la innovaci\u00f3 i augment de la productivitat del sector de la fusta.<\/p>\n\n\n\n<p>La <strong>missi\u00f3<\/strong> de l\u2019Institut \u00e9s assistir a les empreses, entitats i institucions del sector per la via de la recerca, la prestaci\u00f3 de serveis tecnol\u00f2gics, la transfer\u00e8ncia de tecnologia i de coneixements i la formaci\u00f3.<\/p>\n\n\n<div class=\"wp-block-image\">\n<figure class=\"alignright size-large is-resized\"><img decoding=\"async\" loading=\"lazy\" src=\"http:\/\/www.incafust.cat\/wp-content\/uploads\/2023\/02\/tronc-150x126.png\" alt=\"\" class=\"wp-image-1144\" width=\"256\" height=\"215\" srcset=\"https:\/\/www.incafust.cat\/wp-content\/uploads\/2023\/02\/tronc-150x126.png 150w, https:\/\/www.incafust.cat\/wp-content\/uploads\/2023\/02\/tronc.png 504w\" sizes=\"(max-width: 256px) 100vw, 256px\" \/><\/figure><\/div>\n\n\n<p><span style=\"color: #aa6605;\"><strong>Les principals l\u00ednies i \u00e0mbits d&#8217;actuaci\u00f3 s\u00f3n els seg\u00fcents:&nbsp;&nbsp;&nbsp;&nbsp;&nbsp;&nbsp; <br><\/strong><\/span><\/p>\n\n\n\n<p><strong>L\u00ednies d&#8217;activitat:\u00a0\u00a0\u00a0\u00a0\u00a0\u00a0 <\/strong><\/p>\n\n\n\n<ul><li>R+D pr\u00f2pia<\/li><li>R+D contractada<\/li><li>Serveis tecnol\u00f2gics avan\u00e7ats<\/li><li>Assessorament t\u00e8cnic<\/li><li>Informaci\u00f3 i estudis<\/li><li>Promoci\u00f3 i difusi\u00f3<\/li><li>Formaci\u00f3<\/li><\/ul>\n\n\n<div class=\"wp-block-image\">\n<figure class=\"alignright size-large is-resized\"><img decoding=\"async\" loading=\"lazy\" src=\"https:\/\/www.incafust.cat\/wp-content\/uploads\/2023\/02\/4_imatge_2ss-150x94.jpg\" alt=\"\" class=\"wp-image-1146\" width=\"295\" height=\"185\" srcset=\"https:\/\/www.incafust.cat\/wp-content\/uploads\/2023\/02\/4_imatge_2ss-150x94.jpg 150w, https:\/\/www.incafust.cat\/wp-content\/uploads\/2023\/02\/4_imatge_2ss.jpg 555w\" sizes=\"(max-width: 295px) 100vw, 295px\" \/><\/figure><\/div>\n\n\n<p><strong>\u00c0mbits d&#8217;actuaci\u00f3<\/strong><\/p>\n\n\n\n<ul><li>Mat\u00e8ries primeres i derivats<\/li><li>Ind\u00fastria de transformaci\u00f3<\/li><li>Construcci\u00f3<\/li><li>Rehabilitaci\u00f3 i restauraci\u00f3<\/li><\/ul>\n\n\n\n<p><em>Si en vols saber m\u00e9s, <strong><a href=\"http:\/\/www.incafust.cat\/?page_id=98\">aqu\u00ed<\/a><\/strong>.<\/em><\/p>\n\n\n\n<p><\/p>\n\n\n\n<p><iframe loading=\"lazy\" style=\"border: none;\" src=\"http:\/\/www.slideshare.net\/incafust\/slideshelf\" marginwidth=\"0\" marginheight=\"0\" scrolling=\"no\" width=\"760\" height=\"570\" frameborder=\"0\"><\/iframe><\/p>\n","protected":false},"excerpt":{"rendered":"<p>L\u2019Institut Catal\u00e0 de la Fusta (INCAFUST) t\u00e9 la finalitat de promoure el desenvolupament i el reconeixement de la fusta com<\/p>\n","protected":false},"author":1,"featured_media":0,"parent":0,"menu_order":0,"comment_status":"closed","ping_status":"closed","template":"","meta":[],"_links":{"self":[{"href":"https:\/\/www.incafust.cat\/index.php?rest_route=\/wp\/v2\/pages\/383"}],"collection":[{"href":"https:\/\/www.incafust.cat\/index.php?rest_route=\/wp\/v2\/pages"}],"about":[{"href":"https:\/\/www.incafust.cat\/index.php?rest_route=\/wp\/v2\/types\/page"}],"author":[{"embeddable":true,"href":"https:\/\/www.incafust.cat\/index.php?rest_route=\/wp\/v2\/users\/1"}],"replies":[{"embeddable":true,"href":"https:\/\/www.incafust.cat\/index.php?rest_route=%2Fwp%2Fv2%2Fcomments&post=383"}],"version-history":[{"count":15,"href":"https:\/\/www.incafust.cat\/index.php?rest_route=\/wp\/v2\/pages\/383\/revisions"}],"predecessor-version":[{"id":1148,"href":"https:\/\/www.incafust.cat\/index.php?rest_route=\/wp\/v2\/pages\/383\/revisions\/1148"}],"wp:attachment":[{"href":"https:\/\/www.incafust.cat\/index.php?rest_route=%2Fwp%2Fv2%2Fmedia&parent=383"}],"curies":[{"name":"wp","href":"https:\/\/api.w.org\/{rel}","templated":true}]}}