{"id":98,"date":"2015-07-14T11:11:46","date_gmt":"2015-07-14T11:11:46","guid":{"rendered":"http:\/\/incafust.ctfc.cat\/?page_id=98"},"modified":"2023-05-22T11:54:52","modified_gmt":"2023-05-22T11:54:52","slug":"linies-dactivitat","status":"publish","type":"page","link":"https:\/\/www.incafust.cat\/?page_id=98","title":{"rendered":"L\u00ednies d&#8217;activitat"},"content":{"rendered":"\n<p>Les&nbsp;principals l\u00ednies d&#8217;activitat de l&#8217;Institut s\u00f3n 3:<\/p>\n\n\n\n<h3 class=\"wp-block-heading\"><strong><span style=\"color: #aa6605;\">1. Recerca i desenvolupament&nbsp;<\/span><\/strong><\/h3>\n\n\n\n<p>Les activitats de R+D de l&#8217;Institut Catal\u00e0 de la Fusta S&#8217;emmarquen en dos programes de treball:<\/p>\n\n\n\n<h5 class=\"wp-block-heading\"><strong><span style=\"color: #aa6605;\">Tecnologia de la Fusta<\/span><\/strong><\/h5>\n\n\n<div class=\"wp-block-image\">\n<figure class=\"alignright size-large\"><img decoding=\"async\" loading=\"lazy\" width=\"150\" height=\"94\" src=\"https:\/\/www.incafust.cat\/wp-content\/uploads\/2023\/05\/4_imatge_1-150x94.jpg\" alt=\"\" class=\"wp-image-1162\" srcset=\"https:\/\/www.incafust.cat\/wp-content\/uploads\/2023\/05\/4_imatge_1-150x94.jpg 150w, https:\/\/www.incafust.cat\/wp-content\/uploads\/2023\/05\/4_imatge_1.jpg 555w\" sizes=\"(max-width: 150px) 100vw, 150px\" \/><\/figure><\/div>\n\n\n<p>Aquest programa es centra principalment en la caracteritzaci\u00f3 i estudi de les propietats tecnol\u00f2giques de la fusta, en el desenvolupament de nous productes i materials per optimitzar les seves propietats ambientals i tecnol\u00f2giques i en la millora dels processos productius.<u><\/u><u><\/u><\/p>\n\n\n\n<h5 class=\"wp-block-heading\"><strong><span style=\"color: #aa6605;\">Construcci\u00f3 Arquitect\u00f2nica<\/span><\/strong><\/h5>\n\n\n\n<p>El programa es fonamenta en la innovaci\u00f3 tecnol\u00f2gica en la construcci\u00f3 amb fusta, amb la finalitat d\u2019impulsar i promoure l\u2019\u00fas de la fusta entre tots els agents involucrats en l\u2019edificaci\u00f3: arquitectes, enginyers en l\u2019edificaci\u00f3, constructors, industrials de la fusta, fusters i usuaris finals. Les principals l\u00ednies d\u2019actuaci\u00f3 s\u00f3n el disseny estructural, la tecnologia de la construcci\u00f3, la conservaci\u00f3, restauraci\u00f3 i rehabilitaci\u00f3 del patrimoni hist\u00f2ric i el comportament del foc i la protecci\u00f3 contra incendis.<\/p>\n\n\n\n<p><strong><a href=\"http:\/\/www.incafust.cat\/?page_id=987\" target=\"_blank\" rel=\"noopener\">Saber-ne mes&#8230;<\/a><\/strong><\/p>\n\n\n\n<h3 class=\"wp-block-heading\"><strong><span style=\"color: #aa6605;\">2. Serveis tecnol\u00f2gics avan\u00e7ats<\/span><\/strong><\/h3>\n\n\n<div class=\"wp-block-image\">\n<figure class=\"alignleft is-resized\"><img decoding=\"async\" loading=\"lazy\" src=\"http:\/\/www.incafust.cat\/wp-content\/uploads\/2023\/02\/4_imatge_3ll.jpg\" alt=\"\" class=\"wp-image-1151\" width=\"159\" height=\"100\" srcset=\"https:\/\/www.incafust.cat\/wp-content\/uploads\/2023\/02\/4_imatge_3ll.jpg 555w, https:\/\/www.incafust.cat\/wp-content\/uploads\/2023\/02\/4_imatge_3ll-150x94.jpg 150w\" sizes=\"(max-width: 159px) 100vw, 159px\" \/><\/figure><\/div>\n\n\n<p>L\u2019INCAFUST ofereix serveis tecnol\u00f2gics utilitzant&nbsp;equips, t\u00e8cniques i m\u00e8todes de treball innovadors,&nbsp;per donar una resposta efica\u00e7 a les necessitats&nbsp;concretes que plantegen les empreses i optimitzar la&nbsp;qualitat dels seus productes.<\/p>\n\n\n\n<p><strong><a href=\"http:\/\/www.incafust.cat\/?page_id=991\">Saber-ne m\u00e9s&#8230;<\/a><\/strong><\/p>\n\n\n\n<h3 class=\"wp-block-heading\">&nbsp;<\/h3>\n\n\n\n<h3 class=\"wp-block-heading\"><strong><span style=\"color: #aa6605;\">3. Suport a la innovaci\u00f3<\/span><\/strong><\/h3>\n\n\n<div class=\"wp-block-image\">\n<figure class=\"alignright size-large is-resized\"><img decoding=\"async\" loading=\"lazy\" src=\"http:\/\/www.incafust.cat\/wp-content\/uploads\/2022\/08\/4_imatge_4-150x94.jpg\" alt=\"\" class=\"wp-image-1125\" width=\"197\" height=\"123\" srcset=\"https:\/\/www.incafust.cat\/wp-content\/uploads\/2022\/08\/4_imatge_4-150x94.jpg 150w, https:\/\/www.incafust.cat\/wp-content\/uploads\/2022\/08\/4_imatge_4.jpg 555w\" sizes=\"(max-width: 197px) 100vw, 197px\" \/><\/figure><\/div>\n\n\n<p>L\u2019institut ajuda a millorar la competitivitat&nbsp;i la productivitat de les empreses i contribuir&nbsp;a l\u2019adequaci\u00f3 d\u2019aquestes als est\u00e0ndards de qualitat exigits.<\/p>\n\n\n\n<p><strong><a href=\"http:\/\/www.incafust.cat\/?page_id=1010\">Saber-ne m\u00e9s&#8230;<\/a><\/strong><\/p>\n","protected":false},"excerpt":{"rendered":"<p>Les&nbsp;principals l\u00ednies d&#8217;activitat de l&#8217;Institut s\u00f3n 3: 1. Recerca i desenvolupament&nbsp; Les activitats de R+D de l&#8217;Institut Catal\u00e0 de la<\/p>\n","protected":false},"author":1,"featured_media":0,"parent":0,"menu_order":0,"comment_status":"open","ping_status":"closed","template":"","meta":[],"_links":{"self":[{"href":"https:\/\/www.incafust.cat\/index.php?rest_route=\/wp\/v2\/pages\/98"}],"collection":[{"href":"https:\/\/www.incafust.cat\/index.php?rest_route=\/wp\/v2\/pages"}],"about":[{"href":"https:\/\/www.incafust.cat\/index.php?rest_route=\/wp\/v2\/types\/page"}],"author":[{"embeddable":true,"href":"https:\/\/www.incafust.cat\/index.php?rest_route=\/wp\/v2\/users\/1"}],"replies":[{"embeddable":true,"href":"https:\/\/www.incafust.cat\/index.php?rest_route=%2Fwp%2Fv2%2Fcomments&post=98"}],"version-history":[{"count":31,"href":"https:\/\/www.incafust.cat\/index.php?rest_route=\/wp\/v2\/pages\/98\/revisions"}],"predecessor-version":[{"id":1163,"href":"https:\/\/www.incafust.cat\/index.php?rest_route=\/wp\/v2\/pages\/98\/revisions\/1163"}],"wp:attachment":[{"href":"https:\/\/www.incafust.cat\/index.php?rest_route=%2Fwp%2Fv2%2Fmedia&parent=98"}],"curies":[{"name":"wp","href":"https:\/\/api.w.org\/{rel}","templated":true}]}}