{"id":987,"date":"2016-03-15T09:56:42","date_gmt":"2016-03-15T09:56:42","guid":{"rendered":"http:\/\/www.incafust.cat\/?page_id=987"},"modified":"2023-02-15T10:32:54","modified_gmt":"2023-02-15T10:32:54","slug":"recerca-i-desenvolupament","status":"publish","type":"page","link":"https:\/\/www.incafust.cat\/?page_id=987","title":{"rendered":"Recerca i desenvolupament"},"content":{"rendered":"<p>Les activitats de R+D de l\u2019Institut Catal\u00e0 de la Fusta\u00a0s\u2019emmarquen en dos programes de treball.<\/p>\n<h3><span style=\"color: #aa6605;\">Tecnologia de la Fusta<\/span><\/h3>\n<p>Programa centrat principalment en la caracteritzaci\u00f3\u00a0i estudi de les propietats tecnol\u00f2giques de la fusta\u00a0de les diverses esp\u00e8cies arb\u00f2ries presents a Catalunya. El coneixement detallat de les propietats de la fusta\u00a0ha de permetre trobar noves aplicacions pel material\u00a0que n\u2019incrementin l\u2019\u00fas i el seu valor afegit.<\/p>\n<p><em>L\u2019activitat de recerca d\u2019aquest programa es basa en:<\/em><\/p>\n<ul>\n<li><strong>Caracteritzaci\u00f3 de les propietats de la fusta<\/strong>,\u00a0per determinar les propietats f\u00edsiques i mec\u00e0niques\u00a0b\u00e0siques, aix\u00ed com les caracter\u00edstiques resistents\u00a0de la mat\u00e8ria primera, incloent l\u2019\u00fas de t\u00e8cniques no\u00a0destructives i l\u2019aplicaci\u00f3 de nous m\u00e8todes d\u2019assaigs.<\/li>\n<li><strong>Innovaci\u00f3 de producte i millora tecnol\u00f2gica<\/strong>,\u00a0encaminada a la recerca i desenvolupament\u00a0de nous productes i materials derivats de la fusta\u00a0per optimitzar-ne les propietats ambientals\u00a0i tecnol\u00f2giques. Millora dels processos productius.<\/li>\n<\/ul>\n<h3><span style=\"color: #aa6605;\">Construcci\u00f3 Arquitect\u00f2nica\u00a0<\/span><\/h3>\n<p>Programa fonamentat en la innovaci\u00f3 tecnol\u00f2gica\u00a0en la construcci\u00f3 amb fusta, amb la finalitat\u00a0d\u2019impulsar i promoure l\u2019\u00fas de la fusta entre tots\u00a0els agents involucrats en l\u2019edificaci\u00f3, arquitectes,\u00a0enginyers en l\u2019edificaci\u00f3, constructors, industrials\u00a0de la fusta, fusters i usuaris finals.<\/p>\n<p><em>Les principals l\u00ednies de recerca del programa s\u00f3n:\u00a0<\/em><\/p>\n<ul>\n<li><strong>Disseny estructural<\/strong>, per proposar noves\u00a0solucions estructurals en fusta per l\u2019edificaci\u00f3,\u00a0que tinguin en compte la fiabilitat, la robustesa,\u00a0la capacitat de servei, durabilitat i l\u2019estudi de la\u00a0vulnerabilitat del cicle de vida de les estructures.<\/li>\n<li><strong>Tecnologia de la Construcci\u00f3<\/strong>, per innovar\u00a0en la prefabricaci\u00f3 de components basats en\u00a0productes derivats de la fusta per a l\u2019edificaci\u00f3.\u00a0Les l\u00ednies d\u2019estudi podran focalitzar-se en solucions\u00a0de murs portants, tancaments, fa\u00e7anes, forjats\u00a0i cobertes.<\/li>\n<li><strong>Conservaci\u00f3, restauraci\u00f3 i rehabilitaci\u00f3\u00a0del patrimoni hist\u00f2ric<\/strong>, amb l\u2019objectiu\u00a0de millorar i \u00a0desenvolupar nous m\u00e8todes\u00a0d\u2019avaluaci\u00f3 fiables sobre la capacitat de c\u00e0rrega\u00a0restant de les estructures existents, tamb\u00e9 m\u00e8todes\u00a0de monitoritzaci\u00f3 i de diagnosi per recon\u00e8ixer\u00a0els problemes abans que ocasionin danys.<br \/>\nPer altra banda, perfecciona m\u00e8todes i processos\u00a0de reconstrucci\u00f3 o de refor\u00e7 de les parts danyades\u00a0de les estructures antigues.<\/li>\n<\/ul>\n<p><img decoding=\"async\" loading=\"lazy\" class=\"size-full wp-image-1146 aligncenter\" src=\"http:\/\/www.incafust.cat\/wp-content\/uploads\/2023\/02\/4_imatge_2ss.jpg\" alt=\"\" width=\"555\" height=\"349\" srcset=\"https:\/\/www.incafust.cat\/wp-content\/uploads\/2023\/02\/4_imatge_2ss.jpg 555w, https:\/\/www.incafust.cat\/wp-content\/uploads\/2023\/02\/4_imatge_2ss-150x94.jpg 150w\" sizes=\"(max-width: 555px) 100vw, 555px\" \/><\/p>\n","protected":false},"excerpt":{"rendered":"<p>Les activitats de R+D de l\u2019Institut Catal\u00e0 de la Fusta\u00a0s\u2019emmarquen en dos programes de treball. Tecnologia de la Fusta Programa<\/p>\n","protected":false},"author":1,"featured_media":0,"parent":0,"menu_order":0,"comment_status":"closed","ping_status":"closed","template":"","meta":[],"_links":{"self":[{"href":"https:\/\/www.incafust.cat\/index.php?rest_route=\/wp\/v2\/pages\/987"}],"collection":[{"href":"https:\/\/www.incafust.cat\/index.php?rest_route=\/wp\/v2\/pages"}],"about":[{"href":"https:\/\/www.incafust.cat\/index.php?rest_route=\/wp\/v2\/types\/page"}],"author":[{"embeddable":true,"href":"https:\/\/www.incafust.cat\/index.php?rest_route=\/wp\/v2\/users\/1"}],"replies":[{"embeddable":true,"href":"https:\/\/www.incafust.cat\/index.php?rest_route=%2Fwp%2Fv2%2Fcomments&post=987"}],"version-history":[{"count":3,"href":"https:\/\/www.incafust.cat\/index.php?rest_route=\/wp\/v2\/pages\/987\/revisions"}],"predecessor-version":[{"id":1156,"href":"https:\/\/www.incafust.cat\/index.php?rest_route=\/wp\/v2\/pages\/987\/revisions\/1156"}],"wp:attachment":[{"href":"https:\/\/www.incafust.cat\/index.php?rest_route=%2Fwp%2Fv2%2Fmedia&parent=987"}],"curies":[{"name":"wp","href":"https:\/\/api.w.org\/{rel}","templated":true}]}}