{"id":991,"date":"2016-03-15T11:46:39","date_gmt":"2016-03-15T11:46:39","guid":{"rendered":"http:\/\/www.incafust.cat\/?page_id=991"},"modified":"2016-03-15T11:46:39","modified_gmt":"2016-03-15T11:46:39","slug":"serveis-tecnologics-avancats","status":"publish","type":"page","link":"https:\/\/www.incafust.cat\/?page_id=991","title":{"rendered":"Serveis tecnol\u00f2gics avan\u00e7ats"},"content":{"rendered":"<p>L\u2019Institut Catal\u00e0 de la Fusta realitza assajos de laboratori i assessorament t\u00e8cnic basat en equips, t\u00e8cniques i m\u00e8todes\u00a0de treball normalitzats. Donem una resposta efica\u00e7 a les necessitats concretes que plantegen les empreses i\u00a0incrementem la qualitat dels seus productes aportant solucions innovadores.\u00a0Es disposa de les infraestructures necess\u00e0ries per avaluar les propietats de la fusta i els seus productes derivats.<\/p>\n<p><em>Els\u00a0principals serveis que s\u2019ofereixen s\u00f3n els seg\u00fcents:<\/em><\/p>\n<p><span style=\"color: #aa6605;\"><strong>Assaigs de laboratori i control de qualitat<\/strong><\/span><\/p>\n<ul>\n<li><strong>Identificaci\u00f3 d\u2019esp\u00e8cie<\/strong> en mostres de tot tipus de fusta. INCAFUST pot realitzar l\u2019extracci\u00f3\u00a0in situ o b\u00e9 es pot fer l\u2019enviament al laboratori per a la seva identificaci\u00f3.<\/li>\n<li><strong>Determinaci\u00f3 de les propietats f\u00edsiques b\u00e0siques de la fusta<\/strong>: densitat, contracci\u00f3\u00a0volum\u00e8trica, higroscopicitat i duresa.<\/li>\n<li><strong>Determinaci\u00f3 de les principals propietats mec\u00e0niques de la fusta:<\/strong> resist\u00e8ncia a flexi\u00f3\u00a0est\u00e0tica, m\u00f2dul d\u2019elasticitat a flexi\u00f3, resist\u00e8ncia compressi\u00f3 axial i resist\u00e8ncia a tracci\u00f3,\u00a0entre d\u2019altres.<\/li>\n<li><strong>Caracteritzaci\u00f3 i control de qualitat d\u2019elements estructurals<\/strong> mitjan\u00e7ant la determinaci\u00f3\u00a0del m\u00f2dul d\u2019elasticitat, la resist\u00e8ncia a flexi\u00f3 est\u00e0tica i la densitat; i a m\u00e9s, pels\u00a0elements encolats la determinaci\u00f3 de la resist\u00e8ncia a tallant dels plans d\u2019encolat, el\u00a0gruix de la l\u00ednia de cola, la resist\u00e8ncia a la delaminaci\u00f3 de l\u00ednies de cola, aix\u00ed com altres<br \/>\npropietats en funci\u00f3 de la normativa que li sigui d\u2019aplicaci\u00f3.<\/li>\n<li><strong>Determinaci\u00f3 de propietats vinculades a la protecci\u00f3 de la fusta<\/strong> com poden ser la\u00a0penetraci\u00f3 i retenci\u00f3 de productes protectors, la pres\u00e8ncia d\u2019un producte qu\u00edmic concret\u00a0en una mostra de fusta tractada, la determinaci\u00f3 de taques que poden apar\u00e8ixer\u00a0en fustes tractades i d\u2019altres aspectes que puguin ser determinants en situacions espec\u00edfiques.<\/li>\n<li><strong>Caracteritzaci\u00f3 i control de qualitat de taulers derivats de la fusta<\/strong> mitjan\u00e7ant la determinaci\u00f3\u00a0de la resist\u00e8ncia a flexi\u00f3, la qualitat d\u2019encolat, les variacions dimensionals\u00a0originades per canvis d\u2019humitat, la resist\u00e8ncia a la humitat en condicions d\u2019assaig\u00a0c\u00edcliques i la resist\u00e8ncia a l\u2019arrancada de connectors, entre d\u2019altres assajos.<\/li>\n<li><strong>Caracteritzaci\u00f3 i control de qualitat en paviments de fusta<\/strong> incloent la determinaci\u00f3\u00a0de les caracter\u00edstiques dimensionals (secci\u00f3, rectitud, planura, obertura de juntes,\u00a0variacions dimensionals), l\u2019estabilitat dimensional, les caracter\u00edstiques d\u2019acabat superficial\u00a0(resist\u00e8ncia a l\u2019impacte, duresa Brinell, resist\u00e8ncia al lliscament, resist\u00e8ncia a<br \/>\nagents qu\u00edmics) i tamb\u00e9 caracter\u00edstiques com pot ser la resist\u00e8ncia a flexi\u00f3 o altres\u00a0segons les normatives d\u2019aplicaci\u00f3 concretes al producte analitzat.<\/li>\n<li><strong>Caracteritzaci\u00f3 i control de qualitat en envasos i embalatges de fusta<\/strong> analitzant la\u00a0resist\u00e8ncia de caixes i envasos, determinant la capacitat de c\u00e0rrega, la capacitat d\u2019apilament\u00a0per resist\u00e8ncia a compressi\u00f3 o la resist\u00e8ncia a flexi\u00f3 est\u00e0tica de la base entre\u00a0altres. Tamb\u00e9 s\u2019ofereix la revisi\u00f3 de la qualitat de la fusta utilitzada en la producci\u00f3 de<br \/>\npalets i embalatges, aix\u00ed com altres especificacions incloses en les normatives de producte.<\/li>\n<\/ul>\n<p>&nbsp;<\/p>\n<p><span style=\"color: #aa6605;\"><strong>Inspecci\u00f3 i diagnosi<\/strong><\/span><\/p>\n<p>L\u2019Institut Catal\u00e0 de la Fusta realitza inspecci\u00f3 i diagnosi in situ d\u2019estructures i elements de fusta amb la possibilitat d\u2019analitzar la incid\u00e8ncia dels defectes ocasionats per la degradaci\u00f3 del material i les alteracions de tipus estructural aparegudes en elements de fusta mitjan\u00e7ant t\u00e8cniques d\u2019exploraci\u00f3 espec\u00edfiques, com <strong>l\u2019an\u00e0lisi termogr\u00e0fica, els perfils resistogr\u00e0fics o la detecci\u00f3 ac\u00fastica d\u2019insectes xil\u00f2fags<\/strong>.<\/p>\n<p>En els treballs que realitzem s\u2019analitzen tots i cada un dels elements de fusta que conformen l\u2019estructura per obtenir les dades necess\u00e0ries per realitzar l\u2019informe d\u2019avaluaci\u00f3 de l\u2019estat global de l\u2019estructura. Tamb\u00e9 recomanem <strong>solucions constructives adaptades<\/strong> a cada cas particular.<\/p>\n<p>La determinaci\u00f3 de l\u2019estat de l\u2019estructura \u00e9s important per con\u00e8ixer el seu estat funcional, ava-luar la capacitat mec\u00e0nica, valorar la conveni\u00e8ncia d\u2019aplicar tractaments preventius o curatius i dimensionar correctament una actuaci\u00f3 de rehabilitaci\u00f3. Aix\u00f2 permet <strong>estalviar en refor\u00e7aments innecessaris<\/strong> per precauci\u00f3 a causa de manca de dades, i actuar de manera proporciona-da i adequada al seu estat.<\/p>\n<p>&nbsp;<\/p>\n<p>&nbsp;<\/p>\n","protected":false},"excerpt":{"rendered":"<p>L\u2019Institut Catal\u00e0 de la Fusta realitza assajos de laboratori i assessorament t\u00e8cnic basat en equips, t\u00e8cniques i m\u00e8todes\u00a0de treball normalitzats.<\/p>\n","protected":false},"author":1,"featured_media":0,"parent":0,"menu_order":0,"comment_status":"closed","ping_status":"closed","template":"","meta":[],"_links":{"self":[{"href":"https:\/\/www.incafust.cat\/index.php?rest_route=\/wp\/v2\/pages\/991"}],"collection":[{"href":"https:\/\/www.incafust.cat\/index.php?rest_route=\/wp\/v2\/pages"}],"about":[{"href":"https:\/\/www.incafust.cat\/index.php?rest_route=\/wp\/v2\/types\/page"}],"author":[{"embeddable":true,"href":"https:\/\/www.incafust.cat\/index.php?rest_route=\/wp\/v2\/users\/1"}],"replies":[{"embeddable":true,"href":"https:\/\/www.incafust.cat\/index.php?rest_route=%2Fwp%2Fv2%2Fcomments&post=991"}],"version-history":[{"count":2,"href":"https:\/\/www.incafust.cat\/index.php?rest_route=\/wp\/v2\/pages\/991\/revisions"}],"predecessor-version":[{"id":994,"href":"https:\/\/www.incafust.cat\/index.php?rest_route=\/wp\/v2\/pages\/991\/revisions\/994"}],"wp:attachment":[{"href":"https:\/\/www.incafust.cat\/index.php?rest_route=%2Fwp%2Fv2%2Fmedia&parent=991"}],"curies":[{"name":"wp","href":"https:\/\/api.w.org\/{rel}","templated":true}]}}